{"id":3281,"date":"2017-06-30T09:48:28","date_gmt":"2017-06-30T07:48:28","guid":{"rendered":"https:\/\/www.stileliberobnb.it\/contatti\/"},"modified":"2025-05-02T12:16:38","modified_gmt":"2025-05-02T10:16:38","slug":"kontakte","status":"publish","type":"page","link":"https:\/\/www.stileliberobnb.it\/de\/kontakte\/","title":{"rendered":"Kontakte"},"content":{"rendered":"<div class=\"wpb-content-wrapper\"><p>[vc_row][vc_column width=&#8220;1\/2&#8243; css=&#8220;.vc_custom_1467214267244{padding-top: 10px !important;padding-bottom: 10px !important;}&#8220;] <h2 style=\"color:;padding:px;text-align:;font-size:25px;line-height:25px;letter-spacing: px;font-weight:lighter\" class=\"   nd_options_first_font \">Kontaktieren Sie uns<\/h2> <div style=\"background-color:;height: 20px\" class=\"nicdark_section  \"><\/div>[vc_column_text css=&#8220;&#8220;]F\u00fcr Informationen und Angebote f\u00fcllen Sie das untenstehende Formular aus und kontaktieren Sie uns.<\/p>\n<p>Wir werden sobald wie m\u00f6glich uns melden.<\/p>\n<p>Bitte beachten Sie, dass Haustiere nicht erlaubt sind<\/p>\n<p>Dankesch\u00f6n[\/vc_column_text]<div style=\"background-color:;height: 20px\" class=\"nicdark_section  \"><\/div>[vc_raw_js]JTNDc2NyaXB0JTIwY2hhcnNldCUzRCUyMlVURi04JTIyJTIwZGVmZXIlMjBzcmMlM0QlMjJodHRwcyUzQSUyRiUyRmNkbi5iZWRkeS5pbyUyRmJvbC12MiUyRnByb2QlMkZhdmFpbGFiaWxpdHktcmVxdWVzdC1mb3JtLXdlYi1jb21wb25lbnQuanMlM0ZyZWxlYXNlMTMwNTIwMjBfdjAlMjIlM0UlM0MlMkZzY3JpcHQlM0UlMEElM0NiZWRkeS1hdmFpbGFiaWxpdHktcmVxdWVzdC1mb3JtJTIwbGFuZyUzRCUyMmRlJTIyJTIwd2lkZ2V0LWNvZGUlM0QlMjIwZjEzYzAwNGI3NDc1JTIyJTNFJTNDJTJGYmVkZHktYXZhaWxhYmlsaXR5LXJlcXVlc3QtZm9ybSUzRSUwQSUwQQ==[\/vc_raw_js][\/vc_column][vc_column width=&#8220;1\/2&#8243; css=&#8220;.vc_custom_1467214272039{padding-top: 10px !important;padding-bottom: 10px !important;}&#8220;][vc_gmaps link=&#8220;#E-8_JTNDaWZyYW1lJTIwc3JjJTNEJTIyaHR0cHMlM0ElMkYlMkZ3d3cuZ29vZ2xlLmNvbSUyRm1hcHMlMkZlbWJlZCUzRnBiJTNEJTIxMW0xNCUyMTFtMTIlMjExbTMlMjExZDI1OTMwLjY1ODUzOTk2OTE1JTIxMmQxMC4zMjIwNDk0NjA3NDk0MyUyMTNkNDIuNzYxMjk5NTQ2OTc5MDk2JTIxMm0zJTIxMWYwJTIxMmYwJTIxM2YwJTIxM20yJTIxMWkxMDI0JTIxMmk3NjglMjE0ZjEzLjElMjE1ZTElMjEzbTIlMjExc2l0JTIxMnNpdCUyMTR2MTU2MzM2OTQ4NTA4NyUyMTVtMiUyMTFzaXQlMjEyc2l0JTIyJTIwd2lkdGglM0QlMjI2MDAlMjIlMjBoZWlnaHQlM0QlMjI0NTAlMjIlMjBmcmFtZWJvcmRlciUzRCUyMjAlMjIlMjBzdHlsZSUzRCUyMmJvcmRlciUzQTAlMjIlMjBhbGxvd2Z1bGxzY3JlZW4lM0UlM0MlMkZpZnJhbWUlM0U=&#8220; size=&#8220;260&#8243;]<div style=\"background-color:;height: 25px\" class=\"nicdark_section  \"><\/div>[vc_row_inner][vc_column_inner width=&#8220;1\/2&#8243;]\n\n\n  <div class=\"nd_options_section  nd_options_display_table \">\n    <div class=\"nd_options_display_table_cell nd_options_vertical_align_middle nd_options_width_50_percentage nd_options_text_align_left nd_options_padding_10 nd_options_box_sizing_border_box\">\n      <p class=\" nd_options_second_font nd_options_margin_0 nd_options_padding_0\" style=\"color:#525252\">Adresse:<\/p>\n    <\/div>\n    <div class=\"nd_options_display_table_cell nd_options_vertical_align_middle nd_options_width_50_percentage nd_options_text_align_right nd_options_padding_10 nd_options_box_sizing_border_box\">\n      <p class=\" nd_options_second_font nd_options_margin_0 nd_options_padding_0\" style=\"color:\">Via Pian di Lari - Lacona<\/p>\n    <\/div>\n  <\/div>\n\n\n   <div style=\"background-color:#f1f1f1;height: 1px\" class=\"nicdark_section  \"><\/div>\n\n\n  <div class=\"nd_options_section  nd_options_display_table \">\n    <div class=\"nd_options_display_table_cell nd_options_vertical_align_middle nd_options_width_50_percentage nd_options_text_align_left nd_options_padding_10 nd_options_box_sizing_border_box\">\n      <p class=\" nd_options_second_font nd_options_margin_0 nd_options_padding_0\" style=\"color:#525252\">Stadt:<\/p>\n    <\/div>\n    <div class=\"nd_options_display_table_cell nd_options_vertical_align_middle nd_options_width_50_percentage nd_options_text_align_right nd_options_padding_10 nd_options_box_sizing_border_box\">\n      <p class=\" nd_options_second_font nd_options_margin_0 nd_options_padding_0\" style=\"color:\">Capoliveri - Insel Elba<\/p>\n    <\/div>\n  <\/div>\n\n\n   <div style=\"background-color:#f1f1f1;height: 1px\" class=\"nicdark_section  \"><\/div>\n\n\n  <div class=\"nd_options_section  nd_options_display_table \">\n    <div class=\"nd_options_display_table_cell nd_options_vertical_align_middle nd_options_width_50_percentage nd_options_text_align_left nd_options_padding_10 nd_options_box_sizing_border_box\">\n      <p class=\" nd_options_second_font nd_options_margin_0 nd_options_padding_0\" style=\"color:#525252\">Eingangsuhrzeit:<\/p>\n    <\/div>\n    <div class=\"nd_options_display_table_cell nd_options_vertical_align_middle nd_options_width_50_percentage nd_options_text_align_right nd_options_padding_10 nd_options_box_sizing_border_box\">\n      <p class=\" nd_options_second_font nd_options_margin_0 nd_options_padding_0\" style=\"color:\">15:00 am<\/p>\n    <\/div>\n  <\/div>\n\n\n   [\/vc_column_inner][vc_column_inner width=&#8220;1\/2&#8243;]\n\n\n  <div class=\"nd_options_section  nd_options_display_table \">\n    <div class=\"nd_options_display_table_cell nd_options_vertical_align_middle nd_options_width_50_percentage nd_options_text_align_left nd_options_padding_10 nd_options_box_sizing_border_box\">\n      <p class=\" nd_options_second_font nd_options_margin_0 nd_options_padding_0\" style=\"color:#525252\">Telefon:<\/p>\n    <\/div>\n    <div class=\"nd_options_display_table_cell nd_options_vertical_align_middle nd_options_width_50_percentage nd_options_text_align_right nd_options_padding_10 nd_options_box_sizing_border_box\">\n      <p class=\" nd_options_second_font nd_options_margin_0 nd_options_padding_0\" style=\"color:\">+393396011410<\/p>\n    <\/div>\n  <\/div>\n\n\n   <div style=\"background-color:#ffffff;height: 25px\" class=\"nicdark_section  \"><\/div><div style=\"background-color:#f1f1f1;height: 1px\" class=\"nicdark_section  \"><\/div>\n\n\n  <div class=\"nd_options_section  nd_options_display_table \">\n    <div class=\"nd_options_display_table_cell nd_options_vertical_align_middle nd_options_width_50_percentage nd_options_text_align_left nd_options_padding_10 nd_options_box_sizing_border_box\">\n      <p class=\" nd_options_second_font nd_options_margin_0 nd_options_padding_0\" style=\"color:#525252\">Email:<\/p>\n    <\/div>\n    <div class=\"nd_options_display_table_cell nd_options_vertical_align_middle nd_options_width_50_percentage nd_options_text_align_right nd_options_padding_10 nd_options_box_sizing_border_box\">\n      <p class=\" nd_options_second_font nd_options_margin_0 nd_options_padding_0\" style=\"color:\">stileliberobnb@gmail.com<\/p>\n    <\/div>\n  <\/div>\n\n\n   <div style=\"background-color:#ffffff;height: 27px\" class=\"nicdark_section  \"><\/div><div style=\"background-color:#f1f1f1;height: 1px\" class=\"nicdark_section  \"><\/div>\n\n\n  <div class=\"nd_options_section  nd_options_display_table \">\n    <div class=\"nd_options_display_table_cell nd_options_vertical_align_middle nd_options_width_50_percentage nd_options_text_align_left nd_options_padding_10 nd_options_box_sizing_border_box\">\n      <p class=\" nd_options_second_font nd_options_margin_0 nd_options_padding_0\" style=\"color:#525252\">Ausgangsuhrzeit:<\/p>\n    <\/div>\n    <div class=\"nd_options_display_table_cell nd_options_vertical_align_middle nd_options_width_50_percentage nd_options_text_align_right nd_options_padding_10 nd_options_box_sizing_border_box\">\n      <p class=\" nd_options_second_font nd_options_margin_0 nd_options_padding_0\" style=\"color:\">10:00 am<\/p>\n    <\/div>\n  <\/div>\n\n\n   [\/vc_column_inner][\/vc_row_inner][\/vc_column][\/vc_row]<\/p>\n<\/div>","protected":false},"excerpt":{"rendered":"<p>[vc_row][vc_column width=&#8220;1\/2&#8243; css=&#8220;.vc_custom_1467214267244{padding-top: 10px !important;padding-bottom: 10px !important;}&#8220;][vc_column_text css=&#8220;&#8220;]F\u00fcr Informationen und Angebote f\u00fcllen Sie das untenstehende Formular aus und kontaktieren Sie uns. Wir werden sobald wie m\u00f6glich uns melden. Bitte beachten Sie, dass Haustiere nicht erlaubt sind Dankesch\u00f6n[\/vc_column_text][vc_raw_js]JTNDc2NyaXB0JTIwY2hhcnNldCUzRCUyMlVURi04JTIyJTIwZGVmZXIlMjBzcmMlM0QlMjJodHRwcyUzQSUyRiUyRmNkbi5iZWRkeS5pbyUyRmJvbC12MiUyRnByb2QlMkZhdmFpbGFiaWxpdHktcmVxdWVzdC1mb3JtLXdlYi1jb21wb25lbnQuanMlM0ZyZWxlYXNlMTMwNTIwMjBfdjAlMjIlM0UlM0MlMkZzY3JpcHQlM0UlMEElM0NiZWRkeS1hdmFpbGFiaWxpdHktcmVxdWVzdC1mb3JtJTIwbGFuZyUzRCUyMmRlJTIyJTIwd2lkZ2V0LWNvZGUlM0QlMjIwZjEzYzAwNGI3NDc1JTIyJTNFJTNDJTJGYmVkZHktYXZhaWxhYmlsaXR5LXJlcXVlc3QtZm9ybSUzRSUwQSUwQQ==[\/vc_raw_js][\/vc_column][vc_column width=&#8220;1\/2&#8243; css=&#8220;.vc_custom_1467214272039{padding-top: 10px !important;padding-bottom: 10px !important;}&#8220;][vc_gmaps link=&#8220;#E-8_JTNDaWZyYW1lJTIwc3JjJTNEJTIyaHR0cHMlM0ElMkYlMkZ3d3cuZ29vZ2xlLmNvbSUyRm1hcHMlMkZlbWJlZCUzRnBiJTNEJTIxMW0xNCUyMTFtMTIlMjExbTMlMjExZDI1OTMwLjY1ODUzOTk2OTE1JTIxMmQxMC4zMjIwNDk0NjA3NDk0MyUyMTNkNDIuNzYxMjk5NTQ2OTc5MDk2JTIxMm0zJTIxMWYwJTIxMmYwJTIxM2YwJTIxM20yJTIxMWkxMDI0JTIxMmk3NjglMjE0ZjEzLjElMjE1ZTElMjEzbTIlMjExc2l0JTIxMnNpdCUyMTR2MTU2MzM2OTQ4NTA4NyUyMTVtMiUyMTFzaXQlMjEyc2l0JTIyJTIwd2lkdGglM0QlMjI2MDAlMjIlMjBoZWlnaHQlM0QlMjI0NTAlMjIlMjBmcmFtZWJvcmRlciUzRCUyMjAlMjIlMjBzdHlsZSUzRCUyMmJvcmRlciUzQTAlMjIlMjBhbGxvd2Z1bGxzY3JlZW4lM0UlM0MlMkZpZnJhbWUlM0U=&#8220; size=&#8220;260&#8243;][vc_row_inner][vc_column_inner width=&#8220;1\/2&#8243;][\/vc_column_inner][vc_column_inner width=&#8220;1\/2&#8243;][\/vc_column_inner][\/vc_row_inner][\/vc_column][\/vc_row]<\/p>\n","protected":false},"author":4,"featured_media":0,"parent":0,"menu_order":0,"comment_status":"closed","ping_status":"closed","template":"","meta":{"footnotes":""},"_links":{"self":[{"href":"https:\/\/www.stileliberobnb.it\/de\/wp-json\/wp\/v2\/pages\/3281"}],"collection":[{"href":"https:\/\/www.stileliberobnb.it\/de\/wp-json\/wp\/v2\/pages"}],"about":[{"href":"https:\/\/www.stileliberobnb.it\/de\/wp-json\/wp\/v2\/types\/page"}],"author":[{"embeddable":true,"href":"https:\/\/www.stileliberobnb.it\/de\/wp-json\/wp\/v2\/users\/4"}],"replies":[{"embeddable":true,"href":"https:\/\/www.stileliberobnb.it\/de\/wp-json\/wp\/v2\/comments?post=3281"}],"version-history":[{"count":3,"href":"https:\/\/www.stileliberobnb.it\/de\/wp-json\/wp\/v2\/pages\/3281\/revisions"}],"predecessor-version":[{"id":3946,"href":"https:\/\/www.stileliberobnb.it\/de\/wp-json\/wp\/v2\/pages\/3281\/revisions\/3946"}],"wp:attachment":[{"href":"https:\/\/www.stileliberobnb.it\/de\/wp-json\/wp\/v2\/media?parent=3281"}],"curies":[{"name":"wp","href":"https:\/\/api.w.org\/{rel}","templated":true}]}}