{"id":3321,"date":"2017-07-19T08:57:14","date_gmt":"2017-07-19T06:57:14","guid":{"rendered":"https:\/\/www.stileliberobnb.it\/servizi\/"},"modified":"2022-12-05T09:24:48","modified_gmt":"2022-12-05T08:24:48","slug":"dienstleistungen","status":"publish","type":"page","link":"https:\/\/www.stileliberobnb.it\/de\/dienstleistungen\/","title":{"rendered":"Dienstleistungen"},"content":{"rendered":"<div class=\"wpb-content-wrapper\"><p>[vc_row][vc_column el_class=&#8220;nd_options_text_align_center&#8220;][vc_widget_sidebar sidebar_id=&#8220;nd_booking_sidebar_cpt_1&#8243;][\/vc_column][\/vc_row][vc_row][vc_column el_class=&#8220;nd_options_text_align_center&#8220;][vc_empty_space height=&#8220;50px&#8220;][\/vc_column][\/vc_row][vc_row][vc_column width=&#8220;6\/12&#8243; css=&#8220;.vc_custom_1467360650255{margin-top: 10px !important;margin-bottom: 10px !important;padding-top: 0px !important;padding-right: 40px !important;}&#8220;]<div style=\"background-color:;height: 10px\" class=\"nicdark_section  \"><\/div> <h1 style=\"color:;padding:px;text-align:right;font-size:40px;line-height:50px;letter-spacing: px;font-weight:lighter\" class=\"  nd_options_text_align_center_responsive_important nd_options_first_font \">Durch unsere Dienstleistungen versuchen wir, Ihnen einen entspannenden und unvergesslichen Urlaub anzubieten.<\/h1> [\/vc_column][vc_column width=&#8220;3\/12&#8243; css=&#8220;.vc_custom_1467207292391{margin-top: 10px !important;margin-bottom: 10px !important;padding-top: 0px !important;}&#8220;]<div style=\"background-color:;height: 20px\" class=\"nicdark_section  \"><\/div>[vc_column_text el_class=&#8220;nd_options_text_align_center_responsive&#8220;]<\/p>\n<h3><strong>Fr\u00fchst\u00fcck<\/strong><\/h3>\n<p><span style=\"font-weight: 400;\">Im gemeinsam Bereich wird ein reicher Fr\u00fchst\u00fcck jeden Morgen in der Schatten serviert: Kuchen und frische Produkte und alles, was unsere Insel anbieten kann, u.a. Obst, Marmeladen und typische S\u00fc\u00dfwaren.<\/span>[\/vc_column_text]<div style=\"background-color:;height: 20px\" class=\"nicdark_section  \"><\/div>[vc_column_text el_class=&#8220;nd_options_text_align_center_responsive&#8220;]<\/p>\n<h3>Umgeben vom Gr\u00fcnen<\/h3>\n<p><span style=\"font-weight: 400;\">Das B&amp;B ist vom Gr\u00fcnen umgeben und dank der besonderen Lage weht immer ein frischer Wind und der Blick auf die Bucht Lacona ist wunderbar.<\/span>[\/vc_column_text][\/vc_column][vc_column width=&#8220;3\/12&#8243; css=&#8220;.vc_custom_1467207298589{margin-top: 10px !important;margin-bottom: 10px !important;padding-top: 0px !important;}&#8220;]<div style=\"background-color:;height: 20px\" class=\"nicdark_section  \"><\/div>[vc_column_text el_class=&#8220;nd_options_text_align_center_responsive&#8220;]<\/p>\n<h3>Der Pool<\/h3>\n<p><span style=\"font-weight: 400;\">Dem Patio, wo der Fr\u00fchst\u00fcck serviert wird, gegen\u00fcber erstreckt sich unser Garten sowie ein moderner Pool, wo es m\u00f6glich ist, sich in der Hitze zu entspannen, umgeben vom l\u00e4ndlichen Gr\u00fcnen.<\/span>[\/vc_column_text]<div style=\"background-color:;height: 50px\" class=\"nicdark_section  \"><\/div>[vc_column_text el_class=&#8220;nd_options_text_align_center_responsive&#8220;]<\/p>\n<h3>Aktivit\u00e4ten<\/h3>\n<p>Zahlreiche Aktivit\u00e4ten f\u00fcr jeden Geschmack.[\/vc_column_text][\/vc_column][\/vc_row][vc_row css=&#8220;.vc_custom_1492510780167{margin-top: 30px !important;}&#8220;][vc_column width=&#8220;1\/2&#8243;]<div style=\"background-color:;height: 10px\" class=\"nicdark_section  \"><\/div>\n\n  <!--START team-->\n  <div class=\" nd_options_team_component_l5 nd_options_section nd_options_box_sizing_border_box  \">    \n    <div class=\"nd_options_section nd_options_position_relative\">\n\n      <img decoding=\"async\" alt=\"\" class=\"nd_options_section\" src=\"https:\/\/www.stileliberobnb.it\/wp-content\/uploads\/2020\/07\/stile_132-1024x683.jpg\">\n\n      <div class=\"nd_options_bg_greydark_alpha_gradient_3 nd_options_position_absolute nd_options_left_0 nd_options_height_100_percentage nd_options_width_100_percentage nd_options_box_sizing_border_box\">\n        <div class=\"nd_options_position_absolute nd_options_bottom_30 nd_options_width_100_percentage nd_options_padding_botttom_0 nd_options_padding_50 nd_options_box_sizing_border_box nd_options_text_align_center\">\n          <h3 class=\"nd_options_color_white\">Pool<\/h3>\n          <div class=\"nd_options_section nd_options_height_10\"><\/div>\n          <h6 class=\"nd_options_color_white\"><strong><\/strong><\/h6>\n        <\/div>\n      <\/div>\n\n    <\/div>\n  <\/div>\n  <!--END team-->\n<div style=\"background-color:;height: 10px\" class=\"nicdark_section  \"><\/div>[\/vc_column][vc_column width=&#8220;1\/2&#8243;]<div style=\"background-color:;height: 10px\" class=\"nicdark_section  \"><\/div>\n\n  <!--START team-->\n  <div class=\" nd_options_team_component_l5 nd_options_section nd_options_box_sizing_border_box  \">    \n    <div class=\"nd_options_section nd_options_position_relative\">\n\n      <img decoding=\"async\" alt=\"\" class=\"nd_options_section\" src=\"https:\/\/www.stileliberobnb.it\/wp-content\/uploads\/2020\/07\/stile_19-1024x683.jpg\">\n\n      <div class=\"nd_options_bg_greydark_alpha_gradient_3 nd_options_position_absolute nd_options_left_0 nd_options_height_100_percentage nd_options_width_100_percentage nd_options_box_sizing_border_box\">\n        <div class=\"nd_options_position_absolute nd_options_bottom_30 nd_options_width_100_percentage nd_options_padding_botttom_0 nd_options_padding_50 nd_options_box_sizing_border_box nd_options_text_align_center\">\n          <h3 class=\"nd_options_color_white\">Fr\u00fchst\u00fcck<\/h3>\n          <div class=\"nd_options_section nd_options_height_10\"><\/div>\n          <h6 class=\"nd_options_color_white\"><strong><\/strong><\/h6>\n        <\/div>\n      <\/div>\n\n    <\/div>\n  <\/div>\n  <!--END team-->\n<div style=\"background-color:;height: 10px\" class=\"nicdark_section  \"><\/div>[\/vc_column][\/vc_row][vc_row][vc_column][vc_media_grid grid_id=&#8220;vc_gid:1670228666120-2a4481f7-713d-5&#8243; include=&#8220;3850,3854,3858,3862,3866,3870,3874,3878,3882&#8243;][\/vc_column][\/vc_row][vc_row full_width=&#8220;stretch_row&#8220; parallax=&#8220;content-moving&#8220; parallax_image=&#8220;1961&#8243; css=&#8220;.vc_custom_1581720473179{margin-top: 60px !important;padding-top: 100px !important;padding-bottom: 100px !important;}&#8220; el_class=&#8220;nd_options_vc_parallax_filter_1 nd_options_counter_section&#8220;][vc_column width=&#8220;8\/12&#8243;]\n\n\n    <div class=\"nd_options_section nd_options_position_relative \">\n        <img decoding=\"async\" alt=\"\" class=\"nd_options_position_absolute nd_options_left_0\" width=\"55\" src=\"https:\/\/www.stileliberobnb.it\/wp-content\/uploads\/2019\/05\/icon-checked-white.png\">\n        <div class=\"nd_options_section nd_options_padding_left_80 nd_options_box_sizing_border_box\">\n            <h1 class=\"nd_options_font_size_40 nd_options_line_height_50\" style=\"color:#ffffff\"><strong>Genie\u00dfen Sie Ihren Traumurlaub<\/strong><\/h1>\n        <\/div>\n    <\/div>\n\n\n  <div style=\"background-color:;height: 70px\" class=\"nicdark_section  \"><\/div><div style=\"background-color:;height: 50px\" class=\"nicdark_section  \"><\/div>[\/vc_column][vc_column width=&#8220;4\/12&#8243;][\/vc_column][\/vc_row][vc_row css=&#8220;.vc_custom_1557483931609{margin-top: 45px !important;}&#8220; el_class=&#8220;nd_options_service_section&#8220;][vc_column width=&#8220;1\/12&#8243; el_class=&#8220;nd_options_text_align_center&#8220;][\/vc_column][vc_column width=&#8220;5\/12&#8243;]<div style=\"background-color:;height: 25px\" class=\"nicdark_section  \"><\/div>\n\n    <div class=\"nd_options_section nd_options_position_relative \">\n\n        <img decoding=\"async\" style=\"top:10px\" alt=\"\" class=\"nd_options_position_absolute nd_options_left_0\" width=\"50\" src=\"https:\/\/www.stileliberobnb.it\/wp-content\/uploads\/2019\/05\/icon01.png\">\n\n        <div style=\"padding-left:70px\" class=\"nd_options_section nd_options_box_sizing_border_box\">\n            \n            <h3 class=\"  \" style=\"margin:;color:;font-size:px;line-height:px\">F\u00e4hre<\/h3> \n            <p class=\"nd_options_second_font  \" style=\"margin:0px 0px 15px 0px;color:;font-size:14px;line-height:24px\">Kontrollieren Sie die Preise und die Verf\u00fcgbarkeit der F\u00e4hren zu und von der Insel Elba auf<\/p> \n            <a class=\"nd_options_second_font nd_options_display_inline_block \" style=\"font-size:11px;line-height:11px;border-radius:0px;border:0px solid #ffffff;background-color:#585f77;padding:8px 12px;color:#ffffff\" rel=\"\" href=\"https:\/\/www.stileliberobnb.it\/de\/faehren\/\">ANGEBOT F\u00c4HRE<\/a>\n\n        <\/div>\n\n    <\/div>\n\n  <div style=\"background-color:;height: 50px\" class=\"nicdark_section  \"><\/div>\n\n    <div class=\"nd_options_section nd_options_position_relative \">\n\n        <img decoding=\"async\" style=\"top:10px\" alt=\"\" class=\"nd_options_position_absolute nd_options_left_0\" width=\"50\" src=\"https:\/\/www.stileliberobnb.it\/wp-content\/uploads\/2019\/07\/breakfast.png\">\n\n        <div style=\"padding-left:70px\" class=\"nd_options_section nd_options_box_sizing_border_box\">\n            \n            <h3 class=\"  \" style=\"margin:;color:;font-size:px;line-height:px\">Fr\u00fchst\u00fcck<\/h3> \n            <p class=\"nd_options_second_font  \" style=\"margin:0px 0px 15px 0px;color:;font-size:14px;line-height:24px\">Im gemeinsam Bereich wird ein reicher Fr\u00fchst\u00fcck jeden Morgen in der Schatten serviert: Kuchen und frische Produkte und alles, was unsere Insel anbieten kann, u.a. Obst, Marmeladen und typische S\u00fc\u00dfwaren.<\/p> \n            \n\n        <\/div>\n\n    <\/div>\n\n  <div style=\"background-color:;height: 25px\" class=\"nicdark_section  \"><\/div>[\/vc_column][vc_column width=&#8220;5\/12&#8243;]<div style=\"background-color:;height: 25px\" class=\"nicdark_section  \"><\/div>\n\n    <div class=\"nd_options_section nd_options_position_relative \">\n\n        <img decoding=\"async\" style=\"top:10px\" alt=\"\" class=\"nd_options_position_absolute nd_options_left_0\" width=\"50\" src=\"https:\/\/www.stileliberobnb.it\/wp-content\/uploads\/2019\/05\/icon-0.png\">\n\n        <div style=\"padding-left:70px\" class=\"nd_options_section nd_options_box_sizing_border_box\">\n            \n            <h3 class=\"  \" style=\"margin:;color:;font-size:px;line-height:px\">Bar<\/h3> \n            <p class=\"  \" style=\"margin:0px 0px 15px 0px;color:;font-size:14px;line-height:24px\">Kleine Bar im gemeinsamen Bereich f\u00fcrs Fr\u00fchst\u00fcck.<\/p> \n            \n\n        <\/div>\n\n    <\/div>\n\n  <div style=\"background-color:;height: 90px\" class=\"nicdark_section  \"><\/div>\n\n    <div class=\"nd_options_section nd_options_position_relative \">\n\n        <img decoding=\"async\" style=\"top:10px\" alt=\"\" class=\"nd_options_position_absolute nd_options_left_0\" width=\"50\" src=\"https:\/\/www.stileliberobnb.it\/wp-content\/uploads\/2019\/05\/icon-14-1.png\">\n\n        <div style=\"padding-left:70px\" class=\"nd_options_section nd_options_box_sizing_border_box\">\n            \n            <h3 class=\"  \" style=\"margin:;color:;font-size:px;line-height:px\">Pool<\/h3> \n            <p class=\"nd_options_second_font  \" style=\"margin:0px 0px 15px 0px;color:;font-size:14px;line-height:24px\">Dem Patio, wo der Fr\u00fchst\u00fcck serviert wird, gegen\u00fcber erstreckt sich unser Garten sowie ein moderner Pool, wo es m\u00f6glich ist, sich in der Hitze zu entspannen, umgeben vom l\u00e4ndlichen Gr\u00fcnen.<\/p> \n            \n\n        <\/div>\n\n    <\/div>\n\n  <div style=\"background-color:;height: 25px\" class=\"nicdark_section  \"><\/div>[\/vc_column][vc_column width=&#8220;1\/12&#8243;][\/vc_column][\/vc_row]<\/p>\n<\/div>","protected":false},"excerpt":{"rendered":"<p>[vc_row][vc_column el_class=&#8220;nd_options_text_align_center&#8220;][vc_widget_sidebar sidebar_id=&#8220;nd_booking_sidebar_cpt_1&#8243;][\/vc_column][\/vc_row][vc_row][vc_column el_class=&#8220;nd_options_text_align_center&#8220;][vc_empty_space height=&#8220;50px&#8220;][\/vc_column][\/vc_row][vc_row][vc_column width=&#8220;6\/12&#8243; css=&#8220;.vc_custom_1467360650255{margin-top: 10px !important;margin-bottom: 10px !important;padding-top: 0px !important;padding-right: 40px !important;}&#8220;][\/vc_column][vc_column width=&#8220;3\/12&#8243; css=&#8220;.vc_custom_1467207292391{margin-top: 10px !important;margin-bottom: 10px !important;padding-top: 0px !important;}&#8220;][vc_column_text el_class=&#8220;nd_options_text_align_center_responsive&#8220;] Fr\u00fchst\u00fcck Im gemeinsam Bereich wird ein reicher Fr\u00fchst\u00fcck jeden Morgen in der Schatten serviert: Kuchen und frische Produkte und alles, was unsere Insel anbieten kann, u.a. Obst, Marmeladen und typische S\u00fc\u00dfwaren.[\/vc_column_text][vc_column_text [&hellip;]<\/p>\n","protected":false},"author":4,"featured_media":0,"parent":0,"menu_order":0,"comment_status":"closed","ping_status":"closed","template":"","meta":{"footnotes":""},"_links":{"self":[{"href":"https:\/\/www.stileliberobnb.it\/de\/wp-json\/wp\/v2\/pages\/3321"}],"collection":[{"href":"https:\/\/www.stileliberobnb.it\/de\/wp-json\/wp\/v2\/pages"}],"about":[{"href":"https:\/\/www.stileliberobnb.it\/de\/wp-json\/wp\/v2\/types\/page"}],"author":[{"embeddable":true,"href":"https:\/\/www.stileliberobnb.it\/de\/wp-json\/wp\/v2\/users\/4"}],"replies":[{"embeddable":true,"href":"https:\/\/www.stileliberobnb.it\/de\/wp-json\/wp\/v2\/comments?post=3321"}],"version-history":[{"count":4,"href":"https:\/\/www.stileliberobnb.it\/de\/wp-json\/wp\/v2\/pages\/3321\/revisions"}],"predecessor-version":[{"id":3896,"href":"https:\/\/www.stileliberobnb.it\/de\/wp-json\/wp\/v2\/pages\/3321\/revisions\/3896"}],"wp:attachment":[{"href":"https:\/\/www.stileliberobnb.it\/de\/wp-json\/wp\/v2\/media?parent=3321"}],"curies":[{"name":"wp","href":"https:\/\/api.w.org\/{rel}","templated":true}]}}