{"id":3769,"date":"2022-11-28T15:02:18","date_gmt":"2022-11-28T14:02:18","guid":{"rendered":"https:\/\/www.stileliberobnb.it\/bed-and-breakfast\/"},"modified":"2025-05-02T15:25:04","modified_gmt":"2025-05-02T13:25:04","slug":"bed-and-breakfast","status":"publish","type":"page","link":"https:\/\/www.stileliberobnb.it\/de\/bed-and-breakfast\/","title":{"rendered":"Bed and Breakfast"},"content":{"rendered":"<div class=\"wpb-content-wrapper\"><p>[vc_row][vc_column][vc_widget_sidebar sidebar_id=&#8220;nd_booking_sidebar_cpt_1&#8243;][\/vc_column][\/vc_row][vc_row][vc_column]<div style=\"background-color:;height: 20px\" class=\"nicdark_section  \"><\/div>[vc_column_text]<\/p>\n<p style=\"text-align: center;\"><span style=\"font-weight: 400;\">Unser neues Bed and Breakfast wird 2020 er\u00f6ffnet und auf einem kleinen H\u00fcgel hinter dem Strand Lacona in Capoliveri erbaut, wo man von einem wundersch\u00f6nen Panoramablick profitieren kann.<\/span><\/p>\n<p>[\/vc_column_text]<div style=\"background-color:;height: 20px\" class=\"nicdark_section  \"><\/div>[vc_column_text css=&#8220;&#8220;]<\/p>\n<p style=\"text-align: center;\">Es befindet sich wenige Minuten vom Strand und besteht aus 6 Zimmer mit Badezimmer, vier von denen \u00fcber privaten Garten und zwei von denen \u00fcber Terrasse mit Meerblick verf\u00fcgen.<\/p>\n<p style=\"text-align: center;\">Au\u00dferdem hat jeder Gast zum gemeinsamen Bereich mit Pool und Patio mit kleiner Bar Zugang, wo Fr\u00fchst\u00fcck serviert wird. Privater Parkplatz.<\/p>\n<p style=\"text-align: center;\">Haustiere sind im Bed &amp; Breakfast nicht erlaubt.<\/p>\n<p>[\/vc_column_text]<div style=\"background-color:;height: 70px\" class=\"nicdark_section  \"><\/div>[\/vc_column][\/vc_row][vc_row nd_options_layout=&#8220;layout-1&#8243; nd_options_padding=&#8220;15px 35px&#8220; nd_options_align=&#8220;center&#8220; nd_options_font_weight=&#8220;nd_options_font_weight_bold&#8220; nd_options_margin=&#8220;&#8220; nd_options_font_family=&#8220;&#8220; nd_options_link=&#8220;url:%20https%3A%2F%2Fwww.stileliberobnb.it%2Frooms%2F2376%2F%20|title:Camera%20Doppia|target:%20_blank|&#8220; nd_options_border_color=&#8220;#21bbd3&#8243; nd_options_bg_color=&#8220;#1d9aba&#8220; nd_options_text_color=&#8220;#ffffff&#8220; nd_options_image=&#8220;&#8220; nd_options_image_width=&#8220;&#8220; nd_options_font_size=&#8220;&#8220; nd_options_letter_spacing=&#8220;&#8220; nd_options_border_radius=&#8220;&#8220; nd_options_border_width=&#8220;&#8220; nd_options_class=&#8220;&#8220;][vc_column width=&#8220;1\/3&#8243;]\n\t<div class=\"nd_options_section nd_options_text_align_center\">\n\t<a style=\"border: px solid #21bbd3;border-radius:px;letter-spacing:px;line-height:px;font-size:px;background-color:#1d9aba;padding:15px 35px;margin:;color:#ffffff\" rel=\"\" href=\"https:\/\/www.stileliberobnb.it\/de\/bed-and-breakfast\/pianosa-doppelzimmer\/\" class=\"nicdark_display_inline_block  nd_options_font_weight_bold   \">Doppelzimmer \u2013 Pianosa<\/a>\n\t<\/div>\n<div style=\"background-color:;height: 30px\" class=\"nicdark_section  \"><\/div>[vc_single_image image=&#8220;3663&#8243; img_size=&#8220;medium&#8220; alignment=&#8220;center&#8220; onclick=&#8220;custom_link&#8220; link=&#8220;https:\/\/www.stileliberobnb.it\/de\/bed-and-breakfast\/pianosa-doppelzimmer\/&#8220;]<div style=\"background-color:;height: 50px\" class=\"nicdark_section  \"><\/div>[\/vc_column][vc_column width=&#8220;1\/3&#8243;]\n\t<div class=\"nd_options_section nd_options_text_align_center\">\n\t<a style=\"border: px solid #21bbd3;border-radius:px;letter-spacing:px;line-height:px;font-size:px;background-color:#1d9aba;padding:15px 35px;margin:;color:#ffffff\" rel=\"\" href=\"https:\/\/www.stileliberobnb.it\/de\/bed-and-breakfast\/capraia-doppelzimmer\/\" class=\"nicdark_display_inline_block  nd_options_font_weight_bold   \">Doppelzimmer - Capraia<\/a>\n\t<\/div>\n<div style=\"background-color:;height: 30px\" class=\"nicdark_section  \"><\/div>[vc_single_image image=&#8220;3699&#8243; img_size=&#8220;medium&#8220; alignment=&#8220;center&#8220; onclick=&#8220;custom_link&#8220; link=&#8220;https:\/\/www.stileliberobnb.it\/de\/bed-and-breakfast\/capraia-doppelzimmer\/&#8220;]<div style=\"background-color:;height: 50px\" class=\"nicdark_section  \"><\/div>[\/vc_column][vc_column width=&#8220;1\/3&#8243;]\n\t<div class=\"nd_options_section nd_options_text_align_center\">\n\t<a style=\"border: px solid #21bbd3;border-radius:px;letter-spacing:px;line-height:px;font-size:px;background-color:#1d9aba;padding:15px 35px;margin:;color:#ffffff\" rel=\"\" href=\"https:\/\/www.stileliberobnb.it\/de\/bed-and-breakfast\/montecristo-doppelzimmer\/\" class=\"nicdark_display_inline_block  nd_options_font_weight_bold   \">Doppelzimmer - Montecristo<\/a>\n\t<\/div>\n<div style=\"background-color:;height: 30px\" class=\"nicdark_section  \"><\/div>[vc_single_image image=&#8220;3747&#8243; img_size=&#8220;medium&#8220; alignment=&#8220;center&#8220; onclick=&#8220;custom_link&#8220; link=&#8220;https:\/\/www.stileliberobnb.it\/de\/bed-and-breakfast\/montecristo-doppelzimmer\/&#8220;]<div style=\"background-color:;height: 50px\" class=\"nicdark_section  \"><\/div>[\/vc_column][\/vc_row]<\/p>\n<\/div>","protected":false},"excerpt":{"rendered":"<p>[vc_row][vc_column][vc_widget_sidebar sidebar_id=&#8220;nd_booking_sidebar_cpt_1&#8243;][\/vc_column][\/vc_row][vc_row][vc_column][vc_column_text] Unser neues Bed and Breakfast wird 2020 er\u00f6ffnet und auf einem kleinen H\u00fcgel hinter dem Strand Lacona in Capoliveri erbaut, wo man von einem wundersch\u00f6nen Panoramablick profitieren kann. [\/vc_column_text][vc_column_text css=&#8220;&#8220;] Es befindet sich wenige Minuten vom Strand und besteht aus 6 Zimmer mit Badezimmer, vier von denen \u00fcber privaten Garten und zwei von [&hellip;]<\/p>\n","protected":false},"author":5,"featured_media":0,"parent":0,"menu_order":0,"comment_status":"closed","ping_status":"closed","template":"","meta":{"footnotes":""},"_links":{"self":[{"href":"https:\/\/www.stileliberobnb.it\/de\/wp-json\/wp\/v2\/pages\/3769"}],"collection":[{"href":"https:\/\/www.stileliberobnb.it\/de\/wp-json\/wp\/v2\/pages"}],"about":[{"href":"https:\/\/www.stileliberobnb.it\/de\/wp-json\/wp\/v2\/types\/page"}],"author":[{"embeddable":true,"href":"https:\/\/www.stileliberobnb.it\/de\/wp-json\/wp\/v2\/users\/5"}],"replies":[{"embeddable":true,"href":"https:\/\/www.stileliberobnb.it\/de\/wp-json\/wp\/v2\/comments?post=3769"}],"version-history":[{"count":3,"href":"https:\/\/www.stileliberobnb.it\/de\/wp-json\/wp\/v2\/pages\/3769\/revisions"}],"predecessor-version":[{"id":3947,"href":"https:\/\/www.stileliberobnb.it\/de\/wp-json\/wp\/v2\/pages\/3769\/revisions\/3947"}],"wp:attachment":[{"href":"https:\/\/www.stileliberobnb.it\/de\/wp-json\/wp\/v2\/media?parent=3769"}],"curies":[{"name":"wp","href":"https:\/\/api.w.org\/{rel}","templated":true}]}}