{"id":3779,"date":"2022-11-28T13:50:17","date_gmt":"2022-11-28T12:50:17","guid":{"rendered":"https:\/\/www.stileliberobnb.it\/bed-and-breakfast\/pianosa-camera-doppia\/"},"modified":"2025-05-20T12:14:55","modified_gmt":"2025-05-20T10:14:55","slug":"pianosa-doppelzimmer","status":"publish","type":"page","link":"https:\/\/www.stileliberobnb.it\/de\/bed-and-breakfast\/pianosa-doppelzimmer\/","title":{"rendered":"Pianosa \u2013 Doppelzimmer"},"content":{"rendered":"<div class=\"wpb-content-wrapper\"><p>[vc_row][vc_column][vc_single_image image=&#8220;3663&#8243; img_size=&#8220;medium&#8220; alignment=&#8220;center&#8220;][\/vc_column][vc_column width=&#8220;1\/2&#8243;][vc_single_image image=&#8220;2457&#8243; alignment=&#8220;center&#8220;][\/vc_column][vc_column width=&#8220;1\/2&#8243;][vc_single_image image=&#8220;2456&#8243; alignment=&#8220;center&#8220;][\/vc_column][\/vc_row][vc_row][vc_column][vc_widget_sidebar sidebar_id=&#8220;nd_booking_sidebar_cpt_1&#8243;][\/vc_column][\/vc_row][vc_row][vc_column][vc_empty_space height=&#8220;50px&#8220;][\/vc_column][\/vc_row][vc_row][vc_column] <h1 style=\"color:;padding:px;text-align:center;font-size:px;line-height:px;letter-spacing: px;font-weight:\" class=\"    \">Doppelzimmer - Pianosa<\/h1> <div style=\"background-color:;height: 30px\" class=\"nicdark_section  \"><\/div>[vc_column_text css=&#8220;&#8220;]Die Zimmer wurden so entworfen und geschaffen, um ein wunderbares Erlebnis der Entspannung und des Komforts f\u00fcr die empfangenen G\u00e4ste zu schaffen.<\/p>\n<p>Wir haben verschiedene Zimmerarten, die 2 G\u00e4sten willkommen hei\u00dfen k\u00f6nnen. Sie sind mit einem Doppelbett ausgestattet.<\/p>\n<p>Kinder: akzeptiert ab 14 Jahren, nur mit Erwachsenen.<\/p>\n<p>Tiere werden nicht akzeptiert.<\/p>\n<p><strong>Ausstattung:<\/strong><\/p>\n<ul>\n<li>Klimaanlage<\/li>\n<li>TV mit Flatscreen und ausl\u00e4ndischen Kan\u00e4len<\/li>\n<li>Badezimmer mit Dusche<\/li>\n<li>Haartrockner<\/li>\n<li>Minibar<\/li>\n<li>WLAN<\/li>\n<li>Bett- und Badew\u00e4sche sind im w\u00f6chentlichen Ersatz eingeschlossen<\/li>\n<li>Privater Parkplatz<\/li>\n<li>Wasserkocher<\/li>\n<li>Verdunkelungsrollos<\/li>\n<\/ul>\n<p>[\/vc_column_text]<div style=\"background-color:;height: 30px\" class=\"nicdark_section  \"><\/div>\n\t<div class=\"nd_options_section nd_options_text_align_center\">\n\t<a style=\"border: px solid #21bbd3;border-radius:px;letter-spacing:px;line-height:px;font-size:px;background-color:#1d9aba;padding:15px 35px;margin:;color:#ffffff\" rel=\"\" target=\"_blank\" href=\"https:\/\/smartbooking.fastreplymail.it\/home\/main?hotel=9359&amp;channel=0000&amp;lingua=DE\" class=\"nicdark_display_inline_block  nd_options_font_weight_bold   \">Jetzt buchen<\/a>\n\t<\/div>\n<div style=\"background-color:;height: 50px\" class=\"nicdark_section  \"><\/div> <h1 style=\"color:;padding:px;text-align:;font-size:px;line-height:px;letter-spacing: px;font-weight:\" class=\"    \">Zimmerservice<\/h1> [vc_single_image image=&#8220;3438&#8243; img_size=&#8220;large&#8220;]<div style=\"background-color:;height: 50px\" class=\"nicdark_section  \"><\/div>[\/vc_column][\/vc_row][vc_row][vc_column] <h1 style=\"color:;padding:px;text-align:;font-size:px;line-height:px;letter-spacing: px;font-weight:\" class=\"    \">Bildergalerie<\/h1> <div style=\"background-color:;height: 50px\" class=\"nicdark_section  \"><\/div>[\/vc_column][\/vc_row][vc_row][vc_column][vc_gallery type=&#8220;image_grid&#8220; images=&#8220;3691,3663,3671,3667,3675,3687,3683,3679&#8243; img_size=&#8220;395&#215;395&#8243;]<div style=\"background-color:;height: 50px\" class=\"nicdark_section  \"><\/div>[\/vc_column][\/vc_row]<\/p>\n<\/div>","protected":false},"excerpt":{"rendered":"<p>[vc_row][vc_column][vc_single_image image=&#8220;3663&#8243; img_size=&#8220;medium&#8220; alignment=&#8220;center&#8220;][\/vc_column][vc_column width=&#8220;1\/2&#8243;][vc_single_image image=&#8220;2457&#8243; alignment=&#8220;center&#8220;][\/vc_column][vc_column width=&#8220;1\/2&#8243;][vc_single_image image=&#8220;2456&#8243; alignment=&#8220;center&#8220;][\/vc_column][\/vc_row][vc_row][vc_column][vc_widget_sidebar sidebar_id=&#8220;nd_booking_sidebar_cpt_1&#8243;][\/vc_column][\/vc_row][vc_row][vc_column][vc_empty_space height=&#8220;50px&#8220;][\/vc_column][\/vc_row][vc_row][vc_column][vc_column_text css=&#8220;&#8220;]Die Zimmer wurden so entworfen und geschaffen, um ein wunderbares Erlebnis der Entspannung und des Komforts f\u00fcr die empfangenen G\u00e4ste zu schaffen. Wir haben verschiedene Zimmerarten, die 2 G\u00e4sten willkommen hei\u00dfen k\u00f6nnen. Sie sind mit einem Doppelbett ausgestattet. Kinder: akzeptiert ab 14 Jahren, [&hellip;]<\/p>\n","protected":false},"author":5,"featured_media":0,"parent":3769,"menu_order":0,"comment_status":"closed","ping_status":"closed","template":"","meta":{"footnotes":""},"_links":{"self":[{"href":"https:\/\/www.stileliberobnb.it\/de\/wp-json\/wp\/v2\/pages\/3779"}],"collection":[{"href":"https:\/\/www.stileliberobnb.it\/de\/wp-json\/wp\/v2\/pages"}],"about":[{"href":"https:\/\/www.stileliberobnb.it\/de\/wp-json\/wp\/v2\/types\/page"}],"author":[{"embeddable":true,"href":"https:\/\/www.stileliberobnb.it\/de\/wp-json\/wp\/v2\/users\/5"}],"replies":[{"embeddable":true,"href":"https:\/\/www.stileliberobnb.it\/de\/wp-json\/wp\/v2\/comments?post=3779"}],"version-history":[{"count":2,"href":"https:\/\/www.stileliberobnb.it\/de\/wp-json\/wp\/v2\/pages\/3779\/revisions"}],"predecessor-version":[{"id":3972,"href":"https:\/\/www.stileliberobnb.it\/de\/wp-json\/wp\/v2\/pages\/3779\/revisions\/3972"}],"up":[{"embeddable":true,"href":"https:\/\/www.stileliberobnb.it\/de\/wp-json\/wp\/v2\/pages\/3769"}],"wp:attachment":[{"href":"https:\/\/www.stileliberobnb.it\/de\/wp-json\/wp\/v2\/media?parent=3779"}],"curies":[{"name":"wp","href":"https:\/\/api.w.org\/{rel}","templated":true}]}}