{"id":3280,"date":"2017-06-30T09:48:28","date_gmt":"2017-06-30T07:48:28","guid":{"rendered":"https:\/\/www.stileliberobnb.it\/contatti\/"},"modified":"2025-05-02T15:20:13","modified_gmt":"2025-05-02T13:20:13","slug":"contacts","status":"publish","type":"page","link":"https:\/\/www.stileliberobnb.it\/fr\/contacts\/","title":{"rendered":"Contacts"},"content":{"rendered":"<div class=\"wpb-content-wrapper\"><p>[vc_row][vc_column width=\u00a0\u00bb1\/2&Prime; css=\u00a0\u00bb.vc_custom_1467214267244{padding-top: 10px !important;padding-bottom: 10px !important;}\u00a0\u00bb] <h2 style=\"color:;padding:px;text-align:;font-size:25px;line-height:25px;letter-spacing: px;font-weight:lighter\" class=\"   nd_options_first_font \">Contactez-nous<\/h2> <div style=\"background-color:;height: 20px\" class=\"nicdark_section  \"><\/div>[vc_column_text css=\u00a0\u00bb\u00a0\u00bb]Pour recevoir des informations et un devis, veuillez remplir le formulaire ci-apr\u00e8s et nous l\u2019envoyer.<\/p>\n<p>Nous vous r\u00e9pondrons d\u00e8s que possible.<\/p>\n<p><strong>Veuillez noter que les animaux domestiques ne sont pas autoris\u00e9s.<\/strong><\/p>\n<p>Nous vous en remercions.[\/vc_column_text]<div style=\"background-color:;height: 20px\" class=\"nicdark_section  \"><\/div>[vc_raw_js]JTNDc2NyaXB0JTIwY2hhcnNldCUzRCUyMlVURi04JTIyJTIwZGVmZXIlMjBzcmMlM0QlMjJodHRwcyUzQSUyRiUyRmNkbi5iZWRkeS5pbyUyRmJvbC12MiUyRnByb2QlMkZhdmFpbGFiaWxpdHktcmVxdWVzdC1mb3JtLXdlYi1jb21wb25lbnQuanMlM0ZyZWxlYXNlMTMwNTIwMjBfdjAlMjIlM0UlM0MlMkZzY3JpcHQlM0UlMEElM0NiZWRkeS1hdmFpbGFiaWxpdHktcmVxdWVzdC1mb3JtJTIwbGFuZyUzRCUyMmZyJTIyJTIwd2lkZ2V0LWNvZGUlM0QlMjIwZjEzYzAwNGI3NDc1JTIyJTNFJTNDJTJGYmVkZHktYXZhaWxhYmlsaXR5LXJlcXVlc3QtZm9ybSUzRQ==[\/vc_raw_js][\/vc_column][vc_column width=\u00a0\u00bb1\/2&Prime; css=\u00a0\u00bb.vc_custom_1467214272039{padding-top: 10px !important;padding-bottom: 10px !important;}\u00a0\u00bb][vc_gmaps link=\u00a0\u00bb#E-8_JTNDaWZyYW1lJTIwc3JjJTNEJTIyaHR0cHMlM0ElMkYlMkZ3d3cuZ29vZ2xlLmNvbSUyRm1hcHMlMkZlbWJlZCUzRnBiJTNEJTIxMW0xNCUyMTFtMTIlMjExbTMlMjExZDI1OTMwLjY1ODUzOTk2OTE1JTIxMmQxMC4zMjIwNDk0NjA3NDk0MyUyMTNkNDIuNzYxMjk5NTQ2OTc5MDk2JTIxMm0zJTIxMWYwJTIxMmYwJTIxM2YwJTIxM20yJTIxMWkxMDI0JTIxMmk3NjglMjE0ZjEzLjElMjE1ZTElMjEzbTIlMjExc2l0JTIxMnNpdCUyMTR2MTU2MzM2OTQ4NTA4NyUyMTVtMiUyMTFzaXQlMjEyc2l0JTIyJTIwd2lkdGglM0QlMjI2MDAlMjIlMjBoZWlnaHQlM0QlMjI0NTAlMjIlMjBmcmFtZWJvcmRlciUzRCUyMjAlMjIlMjBzdHlsZSUzRCUyMmJvcmRlciUzQTAlMjIlMjBhbGxvd2Z1bGxzY3JlZW4lM0UlM0MlMkZpZnJhbWUlM0U=\u00a0\u00bb size=\u00a0\u00bb260&Prime;]<div style=\"background-color:;height: 25px\" class=\"nicdark_section  \"><\/div>[vc_row_inner][vc_column_inner width=\u00a0\u00bb1\/2&Prime;]\n\n\n  <div class=\"nd_options_section  nd_options_display_table \">\n    <div class=\"nd_options_display_table_cell nd_options_vertical_align_middle nd_options_width_50_percentage nd_options_text_align_left nd_options_padding_10 nd_options_box_sizing_border_box\">\n      <p class=\" nd_options_second_font nd_options_margin_0 nd_options_padding_0\" style=\"color:#525252\">Adresse:<\/p>\n    <\/div>\n    <div class=\"nd_options_display_table_cell nd_options_vertical_align_middle nd_options_width_50_percentage nd_options_text_align_right nd_options_padding_10 nd_options_box_sizing_border_box\">\n      <p class=\" nd_options_second_font nd_options_margin_0 nd_options_padding_0\" style=\"color:\">Via Pian di Lari - Lacona<\/p>\n    <\/div>\n  <\/div>\n\n\n   <div style=\"background-color:#f1f1f1;height: 1px\" class=\"nicdark_section  \"><\/div>\n\n\n  <div class=\"nd_options_section  nd_options_display_table \">\n    <div class=\"nd_options_display_table_cell nd_options_vertical_align_middle nd_options_width_50_percentage nd_options_text_align_left nd_options_padding_10 nd_options_box_sizing_border_box\">\n      <p class=\" nd_options_second_font nd_options_margin_0 nd_options_padding_0\" style=\"color:#525252\">Ville:<\/p>\n    <\/div>\n    <div class=\"nd_options_display_table_cell nd_options_vertical_align_middle nd_options_width_50_percentage nd_options_text_align_right nd_options_padding_10 nd_options_box_sizing_border_box\">\n      <p class=\" nd_options_second_font nd_options_margin_0 nd_options_padding_0\" style=\"color:\">Capoliveri - Isola d'Elba<\/p>\n    <\/div>\n  <\/div>\n\n\n   <div style=\"background-color:#f1f1f1;height: 1px\" class=\"nicdark_section  \"><\/div>\n\n\n  <div class=\"nd_options_section  nd_options_display_table \">\n    <div class=\"nd_options_display_table_cell nd_options_vertical_align_middle nd_options_width_50_percentage nd_options_text_align_left nd_options_padding_10 nd_options_box_sizing_border_box\">\n      <p class=\" nd_options_second_font nd_options_margin_0 nd_options_padding_0\" style=\"color:#525252\">Heure d\u2019arriv\u00e9e:<\/p>\n    <\/div>\n    <div class=\"nd_options_display_table_cell nd_options_vertical_align_middle nd_options_width_50_percentage nd_options_text_align_right nd_options_padding_10 nd_options_box_sizing_border_box\">\n      <p class=\" nd_options_second_font nd_options_margin_0 nd_options_padding_0\" style=\"color:\">15:00 am<\/p>\n    <\/div>\n  <\/div>\n\n\n   [\/vc_column_inner][vc_column_inner width=\u00a0\u00bb1\/2&Prime;]\n\n\n  <div class=\"nd_options_section  nd_options_display_table \">\n    <div class=\"nd_options_display_table_cell nd_options_vertical_align_middle nd_options_width_50_percentage nd_options_text_align_left nd_options_padding_10 nd_options_box_sizing_border_box\">\n      <p class=\" nd_options_second_font nd_options_margin_0 nd_options_padding_0\" style=\"color:#525252\">T\u00e9l\u00e9phone:<\/p>\n    <\/div>\n    <div class=\"nd_options_display_table_cell nd_options_vertical_align_middle nd_options_width_50_percentage nd_options_text_align_right nd_options_padding_10 nd_options_box_sizing_border_box\">\n      <p class=\" nd_options_second_font nd_options_margin_0 nd_options_padding_0\" style=\"color:\">+393396011410<\/p>\n    <\/div>\n  <\/div>\n\n\n   <div style=\"background-color:#ffffff;height: 25px\" class=\"nicdark_section  \"><\/div><div style=\"background-color:#f1f1f1;height: 1px\" class=\"nicdark_section  \"><\/div>\n\n\n  <div class=\"nd_options_section  nd_options_display_table \">\n    <div class=\"nd_options_display_table_cell nd_options_vertical_align_middle nd_options_width_50_percentage nd_options_text_align_left nd_options_padding_10 nd_options_box_sizing_border_box\">\n      <p class=\" nd_options_second_font nd_options_margin_0 nd_options_padding_0\" style=\"color:#525252\">Email:<\/p>\n    <\/div>\n    <div class=\"nd_options_display_table_cell nd_options_vertical_align_middle nd_options_width_50_percentage nd_options_text_align_right nd_options_padding_10 nd_options_box_sizing_border_box\">\n      <p class=\" nd_options_second_font nd_options_margin_0 nd_options_padding_0\" style=\"color:\">stileliberobnb@gmail.com<\/p>\n    <\/div>\n  <\/div>\n\n\n   <div style=\"background-color:#ffffff;height: 27px\" class=\"nicdark_section  \"><\/div><div style=\"background-color:#f1f1f1;height: 1px\" class=\"nicdark_section  \"><\/div>\n\n\n  <div class=\"nd_options_section  nd_options_display_table \">\n    <div class=\"nd_options_display_table_cell nd_options_vertical_align_middle nd_options_width_50_percentage nd_options_text_align_left nd_options_padding_10 nd_options_box_sizing_border_box\">\n      <p class=\" nd_options_second_font nd_options_margin_0 nd_options_padding_0\" style=\"color:#525252\">Heure de d\u00e9part:<\/p>\n    <\/div>\n    <div class=\"nd_options_display_table_cell nd_options_vertical_align_middle nd_options_width_50_percentage nd_options_text_align_right nd_options_padding_10 nd_options_box_sizing_border_box\">\n      <p class=\" nd_options_second_font nd_options_margin_0 nd_options_padding_0\" style=\"color:\">10:00 am<\/p>\n    <\/div>\n  <\/div>\n\n\n   [\/vc_column_inner][\/vc_row_inner][\/vc_column][\/vc_row]<\/p>\n<\/div>","protected":false},"excerpt":{"rendered":"<p>[vc_row][vc_column width=\u00a0\u00bb1\/2&Prime; css=\u00a0\u00bb.vc_custom_1467214267244{padding-top: 10px !important;padding-bottom: 10px !important;}\u00a0\u00bb][vc_column_text css=\u00a0\u00bb\u00a0\u00bb]Pour recevoir des informations et un devis, veuillez remplir le formulaire ci-apr\u00e8s et nous l\u2019envoyer. Nous vous r\u00e9pondrons d\u00e8s que possible. Veuillez noter que les animaux domestiques ne sont pas autoris\u00e9s. Nous vous en remercions.[\/vc_column_text][vc_raw_js]JTNDc2NyaXB0JTIwY2hhcnNldCUzRCUyMlVURi04JTIyJTIwZGVmZXIlMjBzcmMlM0QlMjJodHRwcyUzQSUyRiUyRmNkbi5iZWRkeS5pbyUyRmJvbC12MiUyRnByb2QlMkZhdmFpbGFiaWxpdHktcmVxdWVzdC1mb3JtLXdlYi1jb21wb25lbnQuanMlM0ZyZWxlYXNlMTMwNTIwMjBfdjAlMjIlM0UlM0MlMkZzY3JpcHQlM0UlMEElM0NiZWRkeS1hdmFpbGFiaWxpdHktcmVxdWVzdC1mb3JtJTIwbGFuZyUzRCUyMmZyJTIyJTIwd2lkZ2V0LWNvZGUlM0QlMjIwZjEzYzAwNGI3NDc1JTIyJTNFJTNDJTJGYmVkZHktYXZhaWxhYmlsaXR5LXJlcXVlc3QtZm9ybSUzRQ==[\/vc_raw_js][\/vc_column][vc_column width=\u00a0\u00bb1\/2&Prime; css=\u00a0\u00bb.vc_custom_1467214272039{padding-top: 10px !important;padding-bottom: 10px !important;}\u00a0\u00bb][vc_gmaps link=\u00a0\u00bb#E-8_JTNDaWZyYW1lJTIwc3JjJTNEJTIyaHR0cHMlM0ElMkYlMkZ3d3cuZ29vZ2xlLmNvbSUyRm1hcHMlMkZlbWJlZCUzRnBiJTNEJTIxMW0xNCUyMTFtMTIlMjExbTMlMjExZDI1OTMwLjY1ODUzOTk2OTE1JTIxMmQxMC4zMjIwNDk0NjA3NDk0MyUyMTNkNDIuNzYxMjk5NTQ2OTc5MDk2JTIxMm0zJTIxMWYwJTIxMmYwJTIxM2YwJTIxM20yJTIxMWkxMDI0JTIxMmk3NjglMjE0ZjEzLjElMjE1ZTElMjEzbTIlMjExc2l0JTIxMnNpdCUyMTR2MTU2MzM2OTQ4NTA4NyUyMTVtMiUyMTFzaXQlMjEyc2l0JTIyJTIwd2lkdGglM0QlMjI2MDAlMjIlMjBoZWlnaHQlM0QlMjI0NTAlMjIlMjBmcmFtZWJvcmRlciUzRCUyMjAlMjIlMjBzdHlsZSUzRCUyMmJvcmRlciUzQTAlMjIlMjBhbGxvd2Z1bGxzY3JlZW4lM0UlM0MlMkZpZnJhbWUlM0U=\u00a0\u00bb size=\u00a0\u00bb260&Prime;][vc_row_inner][vc_column_inner width=\u00a0\u00bb1\/2&Prime;][\/vc_column_inner][vc_column_inner width=\u00a0\u00bb1\/2&Prime;][\/vc_column_inner][\/vc_row_inner][\/vc_column][\/vc_row]<\/p>\n","protected":false},"author":4,"featured_media":0,"parent":0,"menu_order":0,"comment_status":"closed","ping_status":"closed","template":"","meta":{"footnotes":""},"_links":{"self":[{"href":"https:\/\/www.stileliberobnb.it\/fr\/wp-json\/wp\/v2\/pages\/3280"}],"collection":[{"href":"https:\/\/www.stileliberobnb.it\/fr\/wp-json\/wp\/v2\/pages"}],"about":[{"href":"https:\/\/www.stileliberobnb.it\/fr\/wp-json\/wp\/v2\/types\/page"}],"author":[{"embeddable":true,"href":"https:\/\/www.stileliberobnb.it\/fr\/wp-json\/wp\/v2\/users\/4"}],"replies":[{"embeddable":true,"href":"https:\/\/www.stileliberobnb.it\/fr\/wp-json\/wp\/v2\/comments?post=3280"}],"version-history":[{"count":3,"href":"https:\/\/www.stileliberobnb.it\/fr\/wp-json\/wp\/v2\/pages\/3280\/revisions"}],"predecessor-version":[{"id":3954,"href":"https:\/\/www.stileliberobnb.it\/fr\/wp-json\/wp\/v2\/pages\/3280\/revisions\/3954"}],"wp:attachment":[{"href":"https:\/\/www.stileliberobnb.it\/fr\/wp-json\/wp\/v2\/media?parent=3280"}],"curies":[{"name":"wp","href":"https:\/\/api.w.org\/{rel}","templated":true}]}}