{"id":3771,"date":"2022-11-28T15:02:18","date_gmt":"2022-11-28T14:02:18","guid":{"rendered":"https:\/\/www.stileliberobnb.it\/bed-and-breakfast\/"},"modified":"2025-05-02T15:24:33","modified_gmt":"2025-05-02T13:24:33","slug":"bed-and-breakfast","status":"publish","type":"page","link":"https:\/\/www.stileliberobnb.it\/fr\/bed-and-breakfast\/","title":{"rendered":"Bed and Breakfast"},"content":{"rendered":"<div class=\"wpb-content-wrapper\"><p>[vc_row][vc_column][vc_widget_sidebar sidebar_id=\u00a0\u00bbnd_booking_sidebar_cpt_1&Prime;][\/vc_column][\/vc_row][vc_row css=\u00a0\u00bb.vc_custom_1592993573138{padding-top: 50px !important;}\u00a0\u00bb][vc_column]<div style=\"background-color:;height: 20px\" class=\"nicdark_section  \"><\/div>[vc_column_text]<\/p>\n<p style=\"text-align: center;\"><span style=\"font-weight: 400;\">Notre B&amp;B, de construction r\u00e9cente, est b\u00e2ti sur une petite colline situ\u00e9e imm\u00e9diatement derri\u00e8re la plage de Lacona \u00e0 Capoliveri, d\u2019o\u00f9 l\u2019on peut admirer un superbe panorama.<\/span><\/p>\n<p>[\/vc_column_text]<div style=\"background-color:;height: 20px\" class=\"nicdark_section  \"><\/div>[vc_column_text css=\u00a0\u00bb\u00a0\u00bb]<\/p>\n<p style=\"text-align: center;\">Il se compose de 6 chambres avec salle de bains, dont quatre sont dot\u00e9es d\u2019un jardin ind\u00e9pendant, et les deux autres d\u2019une terrasse avec vue sur la mer.<\/p>\n<p style=\"text-align: center;\">Nos clients ont, en outre, acc\u00e8s \u00e0 une zone commune o\u00f9 sont pr\u00e9sents une piscine et un patio dot\u00e9 d\u2019un petit bar o\u00f9 leur sera servi le petit d\u00e9jeuner. Parking priv\u00e9.<\/p>\n<p style=\"text-align: center;\">Les animaux ne sont pas autoris\u00e9s dans le Bed &amp; Breakfast.<\/p>\n<p>[\/vc_column_text]<div style=\"background-color:;height: 70px\" class=\"nicdark_section  \"><\/div>[\/vc_column][\/vc_row][vc_row nd_options_layout=\u00a0\u00bblayout-1&Prime; nd_options_padding=\u00a0\u00bb15px 35px\u00a0\u00bb nd_options_align=\u00a0\u00bbcenter\u00a0\u00bb nd_options_font_weight=\u00a0\u00bbnd_options_font_weight_bold\u00a0\u00bb nd_options_margin=\u00a0\u00bb\u00a0\u00bb nd_options_font_family=\u00a0\u00bb\u00a0\u00bb nd_options_link=\u00a0\u00bburl:%20https%3A%2F%2Fwww.stileliberobnb.it%2Frooms%2F2376%2F%20|title:Camera%20Doppia|target:%20_blank|\u00a0\u00bb nd_options_border_color=\u00a0\u00bb#21bbd3&Prime; nd_options_bg_color=\u00a0\u00bb#1d9aba\u00a0\u00bb nd_options_text_color=\u00a0\u00bb#ffffff\u00a0\u00bb nd_options_image=\u00a0\u00bb\u00a0\u00bb nd_options_image_width=\u00a0\u00bb\u00a0\u00bb nd_options_font_size=\u00a0\u00bb\u00a0\u00bb nd_options_letter_spacing=\u00a0\u00bb\u00a0\u00bb nd_options_border_radius=\u00a0\u00bb\u00a0\u00bb nd_options_border_width=\u00a0\u00bb\u00a0\u00bb nd_options_class=\u00a0\u00bb\u00a0\u00bb][vc_column width=\u00a0\u00bb1\/3&Prime;]\n\t<div class=\"nd_options_section nd_options_text_align_center\">\n\t<a style=\"border: px solid #21bbd3;border-radius:px;letter-spacing:px;line-height:px;font-size:px;background-color:#1d9aba;padding:15px 35px;margin:;color:#ffffff\" rel=\"\" href=\"https:\/\/www.stileliberobnb.it\/fr\/bed-and-breakfast\/chambre-double-pianosa\/\" class=\"nicdark_display_inline_block  nd_options_font_weight_bold   \">Chambre double \u2013 Pianosa<\/a>\n\t<\/div>\n<div style=\"background-color:;height: 30px\" class=\"nicdark_section  \"><\/div>[vc_single_image image=\u00a0\u00bb3662&Prime; img_size=\u00a0\u00bbmedium\u00a0\u00bb alignment=\u00a0\u00bbcenter\u00a0\u00bb onclick=\u00a0\u00bbcustom_link\u00a0\u00bb link=\u00a0\u00bbhttps:\/\/www.stileliberobnb.it\/fr\/bed-and-breakfast\/chambre-double-pianosa\/\u00a0\u00bb]<div style=\"background-color:;height: 50px\" class=\"nicdark_section  \"><\/div>[\/vc_column][vc_column width=\u00a0\u00bb1\/3&Prime;]\n\t<div class=\"nd_options_section nd_options_text_align_center\">\n\t<a style=\"border: px solid #21bbd3;border-radius:px;letter-spacing:px;line-height:px;font-size:px;background-color:#1d9aba;padding:15px 35px;margin:;color:#ffffff\" rel=\"\" href=\"https:\/\/www.stileliberobnb.it\/fr\/bed-and-breakfast\/chambre-double-capraia\/\" class=\"nicdark_display_inline_block  nd_options_font_weight_bold   \">Chambre double \u2013 Capraia<\/a>\n\t<\/div>\n<div style=\"background-color:;height: 30px\" class=\"nicdark_section  \"><\/div>[vc_single_image image=\u00a0\u00bb3698&Prime; img_size=\u00a0\u00bbmedium\u00a0\u00bb alignment=\u00a0\u00bbcenter\u00a0\u00bb onclick=\u00a0\u00bbcustom_link\u00a0\u00bb link=\u00a0\u00bbhttps:\/\/www.stileliberobnb.it\/fr\/bed-and-breakfast\/chambre-double-capraia\/\u00a0\u00bb]<div style=\"background-color:;height: 50px\" class=\"nicdark_section  \"><\/div>[\/vc_column][vc_column width=\u00a0\u00bb1\/3&Prime;]\n\t<div class=\"nd_options_section nd_options_text_align_center\">\n\t<a style=\"border: px solid #21bbd3;border-radius:px;letter-spacing:px;line-height:px;font-size:px;background-color:#1d9aba;padding:15px 35px;margin:;color:#ffffff\" rel=\"\" href=\"https:\/\/www.stileliberobnb.it\/fr\/bed-and-breakfast\/chambre-double-montecristo\/\" class=\"nicdark_display_inline_block  nd_options_font_weight_bold   \">Chambre double \u2013 Montecristo<\/a>\n\t<\/div>\n<div style=\"background-color:;height: 30px\" class=\"nicdark_section  \"><\/div>[vc_single_image image=\u00a0\u00bb3746&Prime; img_size=\u00a0\u00bbmedium\u00a0\u00bb alignment=\u00a0\u00bbcenter\u00a0\u00bb onclick=\u00a0\u00bbcustom_link\u00a0\u00bb link=\u00a0\u00bbhttps:\/\/www.stileliberobnb.it\/fr\/bed-and-breakfast\/chambre-double-montecristo\/\u00a0\u00bb]<div style=\"background-color:;height: 50px\" class=\"nicdark_section  \"><\/div>[\/vc_column][\/vc_row]<\/p>\n<\/div>","protected":false},"excerpt":{"rendered":"<p>[vc_row][vc_column][vc_widget_sidebar sidebar_id=\u00a0\u00bbnd_booking_sidebar_cpt_1&Prime;][\/vc_column][\/vc_row][vc_row css=\u00a0\u00bb.vc_custom_1592993573138{padding-top: 50px !important;}\u00a0\u00bb][vc_column][vc_column_text] Notre B&amp;B, de construction r\u00e9cente, est b\u00e2ti sur une petite colline situ\u00e9e imm\u00e9diatement derri\u00e8re la plage de Lacona \u00e0 Capoliveri, d\u2019o\u00f9 l\u2019on peut admirer un superbe panorama. [\/vc_column_text][vc_column_text css=\u00a0\u00bb\u00a0\u00bb] Il se compose de 6 chambres avec salle de bains, dont quatre sont dot\u00e9es d\u2019un jardin ind\u00e9pendant, et les deux autres [&hellip;]<\/p>\n","protected":false},"author":3,"featured_media":0,"parent":0,"menu_order":0,"comment_status":"closed","ping_status":"closed","template":"","meta":{"footnotes":""},"_links":{"self":[{"href":"https:\/\/www.stileliberobnb.it\/fr\/wp-json\/wp\/v2\/pages\/3771"}],"collection":[{"href":"https:\/\/www.stileliberobnb.it\/fr\/wp-json\/wp\/v2\/pages"}],"about":[{"href":"https:\/\/www.stileliberobnb.it\/fr\/wp-json\/wp\/v2\/types\/page"}],"author":[{"embeddable":true,"href":"https:\/\/www.stileliberobnb.it\/fr\/wp-json\/wp\/v2\/users\/3"}],"replies":[{"embeddable":true,"href":"https:\/\/www.stileliberobnb.it\/fr\/wp-json\/wp\/v2\/comments?post=3771"}],"version-history":[{"count":3,"href":"https:\/\/www.stileliberobnb.it\/fr\/wp-json\/wp\/v2\/pages\/3771\/revisions"}],"predecessor-version":[{"id":3953,"href":"https:\/\/www.stileliberobnb.it\/fr\/wp-json\/wp\/v2\/pages\/3771\/revisions\/3953"}],"wp:attachment":[{"href":"https:\/\/www.stileliberobnb.it\/fr\/wp-json\/wp\/v2\/media?parent=3771"}],"curies":[{"name":"wp","href":"https:\/\/api.w.org\/{rel}","templated":true}]}}