{"id":3787,"date":"2022-11-28T15:04:34","date_gmt":"2022-11-28T14:04:34","guid":{"rendered":"https:\/\/www.stileliberobnb.it\/bed-and-breakfast\/capraia-camera-doppia\/"},"modified":"2025-05-20T12:17:23","modified_gmt":"2025-05-20T10:17:23","slug":"chambre-double-capraia","status":"publish","type":"page","link":"https:\/\/www.stileliberobnb.it\/fr\/bed-and-breakfast\/chambre-double-capraia\/","title":{"rendered":"Chambre double &#8211; Capraia"},"content":{"rendered":"<div class=\"wpb-content-wrapper\"><p>[vc_row][vc_column][vc_single_image image=\u00a0\u00bb3698&Prime; img_size=\u00a0\u00bbmedium\u00a0\u00bb alignment=\u00a0\u00bbcenter\u00a0\u00bb][\/vc_column][vc_column width=\u00a0\u00bb1\/2&Prime;][vc_single_image image=\u00a0\u00bb2459&Prime; img_size=\u00a0\u00bbmedium\u00a0\u00bb alignment=\u00a0\u00bbcenter\u00a0\u00bb][\/vc_column][vc_column width=\u00a0\u00bb1\/2&Prime;][vc_single_image image=\u00a0\u00bb3238&Prime; img_size=\u00a0\u00bbmedium\u00a0\u00bb alignment=\u00a0\u00bbcenter\u00a0\u00bb][\/vc_column][\/vc_row][vc_row][vc_column][vc_widget_sidebar sidebar_id=\u00a0\u00bbnd_booking_sidebar_cpt_1&Prime;][\/vc_column][\/vc_row][vc_row][vc_column][vc_empty_space height=\u00a0\u00bb50px\u00a0\u00bb][\/vc_column][\/vc_row][vc_row][vc_column] <h1 style=\"color:;padding:px;text-align:center;font-size:px;line-height:px;letter-spacing: px;font-weight:\" class=\"    \">Chambre triple - Capraia<\/h1> <div style=\"background-color:;height: 30px\" class=\"nicdark_section  \"><\/div>[vc_column_text css=\u00a0\u00bb\u00a0\u00bb]Nos chambres, toutes r\u00e9cemment am\u00e9nag\u00e9es, ont \u00e9t\u00e9 con\u00e7ues et r\u00e9alis\u00e9es pour offrir \u00e0 nos h\u00f4tes un maximum de confort et de d\u00e9tente.<\/p>\n<p>Diff\u00e9rents types de chambres pouvant accueillir 2 personnes sont disponibles. Elles sont dot\u00e9es d\u2019un lit double.<\/p>\n<p>Enfants: accept\u00e9s \u00e0 partir de 14 ans, uniquement avec des adultes.<\/p>\n<p>Les animaux ne sont pas accept\u00e9s.<\/p>\n<p><strong>Nos chambres sont \u00e9quip\u00e9es de:<\/strong><\/p>\n<ul>\n<li><span style=\"font-weight: 400;\">climatisation<\/span><\/li>\n<li><span style=\"font-weight: 400;\">TV \u00e0 \u00e9cran plat avec canaux \u00e9trangers<\/span><\/li>\n<li><span style=\"font-weight: 400;\">salle de bains avec douche<\/span><\/li>\n<li>s\u00e8che-cheveux<\/li>\n<li><span style=\"font-weight: 400;\">frigo bar<\/span><\/li>\n<li><span style=\"font-weight: 400;\">acc\u00e8s wifi<\/span><\/li>\n<li><span style=\"font-weight: 400;\">linge de lit inclus avec linge de rechange hebdomadaire<\/span><\/li>\n<li>jardin ind\u00e9pendant duquel on acc\u00e8de \u00e0 la chambre<\/li>\n<li><span style=\"font-weight: 400;\">parking priv\u00e9<\/span><\/li>\n<li>bouilloire<\/li>\n<li>stores enrouleurs occultants<\/li>\n<\/ul>\n<p>[\/vc_column_text]<div style=\"background-color:;height: 30px\" class=\"nicdark_section  \"><\/div>\n\t<div class=\"nd_options_section nd_options_text_align_center\">\n\t<a style=\"border: px solid #21bbd3;border-radius:px;letter-spacing:px;line-height:px;font-size:px;background-color:#1d9aba;padding:15px 35px;margin:;color:#ffffff\" rel=\"\" target=\"_blank\" href=\"https:\/\/smartbooking.fastreplymail.it\/home\/main?hotel=9359&amp;channel=0000&amp;lingua=FR\" class=\"nicdark_display_inline_block  nd_options_font_weight_bold   \">R\u00e9server maintenant<\/a>\n\t<\/div>\n<div style=\"background-color:;height: 50px\" class=\"nicdark_section  \"><\/div> <h1 style=\"color:;padding:px;text-align:;font-size:px;line-height:px;letter-spacing: px;font-weight:\" class=\"    \">Services en chambre<\/h1> [vc_single_image image=\u00a0\u00bb3434&Prime; img_size=\u00a0\u00bblarge\u00a0\u00bb]<div style=\"background-color:;height: 50px\" class=\"nicdark_section  \"><\/div>[\/vc_column][\/vc_row][vc_row gap=\u00a0\u00bb5&Prime;][vc_column] <h1 style=\"color:;padding:px;text-align:;font-size:px;line-height:px;letter-spacing: px;font-weight:\" class=\"    \">Galerie de photos<\/h1> <div style=\"background-color:;height: 50px\" class=\"nicdark_section  \"><\/div>[\/vc_column][\/vc_row][vc_row][vc_column][vc_gallery type=\u00a0\u00bbimage_grid\u00a0\u00bb images=\u00a0\u00bb3714,3698,3702,3694,3710,3706&Prime; img_size=\u00a0\u00bb395&#215;395&Prime;]<div style=\"background-color:;height: 50px\" class=\"nicdark_section  \"><\/div>[\/vc_column][\/vc_row]<\/p>\n<\/div>","protected":false},"excerpt":{"rendered":"<p>[vc_row][vc_column][vc_single_image image=\u00a0\u00bb3698&Prime; img_size=\u00a0\u00bbmedium\u00a0\u00bb alignment=\u00a0\u00bbcenter\u00a0\u00bb][\/vc_column][vc_column width=\u00a0\u00bb1\/2&Prime;][vc_single_image image=\u00a0\u00bb2459&Prime; img_size=\u00a0\u00bbmedium\u00a0\u00bb alignment=\u00a0\u00bbcenter\u00a0\u00bb][\/vc_column][vc_column width=\u00a0\u00bb1\/2&Prime;][vc_single_image image=\u00a0\u00bb3238&Prime; img_size=\u00a0\u00bbmedium\u00a0\u00bb alignment=\u00a0\u00bbcenter\u00a0\u00bb][\/vc_column][\/vc_row][vc_row][vc_column][vc_widget_sidebar sidebar_id=\u00a0\u00bbnd_booking_sidebar_cpt_1&Prime;][\/vc_column][\/vc_row][vc_row][vc_column][vc_empty_space height=\u00a0\u00bb50px\u00a0\u00bb][\/vc_column][\/vc_row][vc_row][vc_column][vc_column_text css=\u00a0\u00bb\u00a0\u00bb]Nos chambres, toutes r\u00e9cemment am\u00e9nag\u00e9es, ont \u00e9t\u00e9 con\u00e7ues et r\u00e9alis\u00e9es pour offrir \u00e0 nos h\u00f4tes un maximum de confort et de d\u00e9tente. Diff\u00e9rents types de chambres pouvant accueillir 2 personnes sont disponibles. Elles sont dot\u00e9es d\u2019un lit double. Enfants: accept\u00e9s \u00e0 [&hellip;]<\/p>\n","protected":false},"author":3,"featured_media":0,"parent":3771,"menu_order":0,"comment_status":"closed","ping_status":"closed","template":"","meta":{"footnotes":""},"_links":{"self":[{"href":"https:\/\/www.stileliberobnb.it\/fr\/wp-json\/wp\/v2\/pages\/3787"}],"collection":[{"href":"https:\/\/www.stileliberobnb.it\/fr\/wp-json\/wp\/v2\/pages"}],"about":[{"href":"https:\/\/www.stileliberobnb.it\/fr\/wp-json\/wp\/v2\/types\/page"}],"author":[{"embeddable":true,"href":"https:\/\/www.stileliberobnb.it\/fr\/wp-json\/wp\/v2\/users\/3"}],"replies":[{"embeddable":true,"href":"https:\/\/www.stileliberobnb.it\/fr\/wp-json\/wp\/v2\/comments?post=3787"}],"version-history":[{"count":2,"href":"https:\/\/www.stileliberobnb.it\/fr\/wp-json\/wp\/v2\/pages\/3787\/revisions"}],"predecessor-version":[{"id":3976,"href":"https:\/\/www.stileliberobnb.it\/fr\/wp-json\/wp\/v2\/pages\/3787\/revisions\/3976"}],"up":[{"embeddable":true,"href":"https:\/\/www.stileliberobnb.it\/fr\/wp-json\/wp\/v2\/pages\/3771"}],"wp:attachment":[{"href":"https:\/\/www.stileliberobnb.it\/fr\/wp-json\/wp\/v2\/media?parent=3787"}],"curies":[{"name":"wp","href":"https:\/\/api.w.org\/{rel}","templated":true}]}}